{"id":663,"date":"2023-04-17T17:19:06","date_gmt":"2023-04-17T17:19:06","guid":{"rendered":"https:\/\/siatspa.it\/leistungen\/taglio-a-lunghezza-richiesta\/"},"modified":"2023-07-11T14:20:42","modified_gmt":"2023-07-11T14:20:42","slug":"zuschnitte-nach-mass","status":"publish","type":"page","link":"https:\/\/siatspa.it\/de\/leistungen\/zuschnitte-nach-mass\/","title":{"rendered":"Zuschnitte nach ma\u00df"},"content":{"rendered":"<p><div class=\"fusion-fullwidth fullwidth-box fusion-builder-row-1 fusion-flex-container nonhundred-percent-fullwidth non-hundred-percent-height-scrolling\" style=\"--awb-border-radius-top-left:0px;--awb-border-radius-top-right:0px;--awb-border-radius-bottom-right:0px;--awb-border-radius-bottom-left:0px;--awb-flex-wrap:wrap;\" ><div class=\"fusion-builder-row fusion-row fusion-flex-align-items-flex-start fusion-flex-content-wrap\" style=\"max-width:calc( 1200px + 10px );margin-left: calc(-10px \/ 2 );margin-right: calc(-10px \/ 2 );\"><div class=\"fusion-layout-column fusion_builder_column fusion-builder-column-0 fusion_builder_column_1_1 1_1 fusion-flex-column\" style=\"--awb-bg-size:cover;--awb-width-large:100%;--awb-margin-top-large:0px;--awb-spacing-right-large:5px;--awb-margin-bottom-large:0px;--awb-spacing-left-large:5px;--awb-width-medium:100%;--awb-spacing-right-medium:5px;--awb-spacing-left-medium:5px;--awb-width-small:100%;--awb-spacing-right-small:5px;--awb-spacing-left-small:5px;\"><div class=\"fusion-column-wrapper fusion-flex-justify-content-flex-start fusion-content-layout-column\"><\/div><\/div><\/div><\/div><div class=\"fusion-fullwidth fullwidth-box fusion-builder-row-2 fusion-flex-container has-pattern-background has-mask-background nonhundred-percent-fullwidth non-hundred-percent-height-scrolling\" style=\"--awb-border-radius-top-left:0px;--awb-border-radius-top-right:0px;--awb-border-radius-bottom-right:0px;--awb-border-radius-bottom-left:0px;--awb-padding-bottom:20px;--awb-flex-wrap:wrap;\" ><div class=\"fusion-builder-row fusion-row fusion-flex-align-items-flex-start fusion-flex-content-wrap\" style=\"max-width:calc( 1200px + 10px );margin-left: calc(-10px \/ 2 );margin-right: calc(-10px \/ 2 );\"><div class=\"fusion-layout-column fusion_builder_column fusion-builder-column-1 fusion_builder_column_1_1 1_1 fusion-flex-column\" style=\"--awb-bg-size:cover;--awb-width-large:100%;--awb-margin-top-large:0px;--awb-spacing-right-large:5px;--awb-margin-bottom-large:20px;--awb-spacing-left-large:5px;--awb-width-medium:100%;--awb-order-medium:0;--awb-spacing-right-medium:5px;--awb-spacing-left-medium:5px;--awb-width-small:100%;--awb-order-small:0;--awb-spacing-right-small:5px;--awb-spacing-left-small:5px;\"><div class=\"fusion-column-wrapper fusion-column-has-shadow fusion-flex-justify-content-flex-start fusion-content-layout-column\"><div class=\"fusion-separator\" style=\"align-self: center;margin-left: auto;margin-right: auto;width:100%;max-width:100px;\"><div class=\"fusion-separator-border sep-single sep-solid\" style=\"--awb-height:20px;--awb-amount:20px;--awb-sep-color:var(--awb-color5);border-color:var(--awb-color5);border-top-width:2px;\"><\/div><\/div><div class=\"fusion-title title fusion-title-1 fusion-sep-none fusion-title-center fusion-title-text fusion-title-size-two\" style=\"--awb-margin-top-small:10px;--awb-margin-right-small:0px;--awb-margin-bottom-small:10px;--awb-margin-left-small:0px;\"><h2 class=\"fusion-title-heading title-heading-center\" style=\"margin:0;text-transform:uppercase;\">Zuschnitte nach ma\u00df<\/h2><\/div><div class=\"fusion-text fusion-text-1\"><p>Wir bieten einen individuellen Schneideservice f\u00fcr warmgewalzte Bleche, mit dem wir absolute Genauigkeit und eine p\u00fcnktliche Lieferung garantieren. Dank unserer langj\u00e4hrigen Erfahrung in der Branche und dem Einsatz modernster Technologien, wie z.B. dem Laserschneiden, sind wir in der Lage, auch hochindividuelle Kundenw\u00fcnsche zu erf\u00fcllen.<\/p>\n<p>Das Laserschneiden erm\u00f6glicht es uns, warmgewalzte Bleche in einer bestimmten L\u00e4nge und Gr\u00f6\u00dfe zu erhalten, wodurch der Abfall minimiert und die Materialausnutzung optimiert wird. Aus Liebe zum Detail garantieren wir au\u00dferdem eine hochwertige Verarbeitung und die strikte Einhaltung aller Branchenstandards.<\/p>\n<p>Dank unserer hochqualifizierten Mitarbeiter und unseres modernen Maschinenparks sind wir in der Lage, Projekte jeglicher Komplexit\u00e4t und Gr\u00f6\u00dfe umzusetzen. Unser Zuschnitt nach Ma\u00df ist ideal f\u00fcr eine breite Palette von Anwendungen, einschlie\u00dflich der Herstellung von Komponenten f\u00fcr die Automobilbranche, das Bauwesen, Industrieanlagen und weitere Bereiche.<\/p>\n<p>Die Zufriedenheit unserer Kunden steht bei uns im Vordergrund. Deshalb arbeiten wir eng mit unseren Kunden zusammen, um ihre individuellen Bed\u00fcrfnisse zu verstehen und ma\u00dfgeschneiderte L\u00f6sungen anzubieten, die ihren Erwartungen entsprechen. Dar\u00fcber hinaus verpflichten wir uns zu schnellen und zuverl\u00e4ssigen Lieferzeiten, um den reibungslosen Ablauf der Projekte unserer Kunden zu gew\u00e4hrleisten.<\/p>\n<p>F\u00fcr weitere Informationen \u00fcber unseren Zuschnitt nach Ma\u00df f\u00fcr warmgewalzte Bandbleche wenden Sie sich bitte an unser Expertenteam. Gerne besprechen wir mit Ihnen die Einzelheiten Ihres Projekts und unterbreiten Ihnen ein unverbindliches Angebot.<\/p>\n<\/div><\/div><\/div><\/div><\/div><div class=\"fusion-fullwidth fullwidth-box fusion-builder-row-3 fusion-flex-container has-pattern-background has-mask-background nonhundred-percent-fullwidth non-hundred-percent-height-scrolling\" style=\"--awb-border-radius-top-left:0px;--awb-border-radius-top-right:0px;--awb-border-radius-bottom-right:0px;--awb-border-radius-bottom-left:0px;--awb-padding-top:30px;--awb-background-color:var(--awb-color5);--awb-flex-wrap:wrap;\" ><div class=\"fusion-builder-row fusion-row fusion-flex-align-items-flex-start fusion-flex-content-wrap\" style=\"max-width:calc( 1200px + 10px );margin-left: calc(-10px \/ 2 );margin-right: calc(-10px \/ 2 );\"><div class=\"fusion-layout-column fusion_builder_column fusion-builder-column-2 fusion_builder_column_3_4 3_4 fusion-flex-column\" style=\"--awb-bg-size:cover;--awb-width-large:75%;--awb-margin-top-large:0px;--awb-spacing-right-large:5px;--awb-margin-bottom-large:20px;--awb-spacing-left-large:5px;--awb-width-medium:75%;--awb-order-medium:0;--awb-spacing-right-medium:5px;--awb-spacing-left-medium:5px;--awb-width-small:100%;--awb-order-small:0;--awb-spacing-right-small:5px;--awb-spacing-left-small:5px;\"><div class=\"fusion-column-wrapper fusion-column-has-shadow fusion-flex-justify-content-flex-start fusion-content-layout-column\"><div class=\"fusion-title title fusion-title-2 fusion-sep-none fusion-title-text fusion-title-size-three\" style=\"--awb-text-color:var(--awb-color1);--awb-margin-top-small:10px;--awb-margin-right-small:0px;--awb-margin-bottom-small:10px;--awb-margin-left-small:0px;\"><h3 class=\"fusion-title-heading title-heading-left\" style=\"margin:0;text-transform:none;\">Laden Sie die Informationsbrosch\u00fcre von S.I.A.T. SpA herunter<\/h3><\/div><\/div><\/div><div class=\"fusion-layout-column fusion_builder_column fusion-builder-column-3 fusion_builder_column_1_4 1_4 fusion-flex-column\" style=\"--awb-bg-size:cover;--awb-width-large:25%;--awb-margin-top-large:0px;--awb-spacing-right-large:5px;--awb-margin-bottom-large:20px;--awb-spacing-left-large:5px;--awb-width-medium:25%;--awb-order-medium:0;--awb-spacing-right-medium:5px;--awb-spacing-left-medium:5px;--awb-width-small:100%;--awb-order-small:0;--awb-spacing-right-small:5px;--awb-spacing-left-small:5px;\"><div class=\"fusion-column-wrapper fusion-column-has-shadow fusion-flex-justify-content-flex-start fusion-content-layout-column\"><div style=\"text-align:right;\"><a class=\"fusion-button button-flat fusion-button-default-size button-custom fusion-button-default button-1 fusion-button-span-yes fusion-button-default-type\" style=\"--button_accent_color:var(--awb-color5);--button_border_color:var(--awb-color1);--button_accent_hover_color:var(--awb-color1);--button_border_hover_color:var(--awb-color1);--button_border_width-top:2px;--button_border_width-right:2px;--button_border_width-bottom:2px;--button_border_width-left:2px;--button_gradient_top_color:#ffffff;--button_gradient_bottom_color:#ffffff;--button_gradient_top_color_hover:rgba(255,255,255,0);--button_gradient_bottom_color_hover:rgba(255,255,255,0);\" target=\"_blank\" rel=\"noopener noreferrer\" href=\"https:\/\/siatspa.it\/wp-content\/uploads\/2023\/05\/brochure-siat.pdf\"><i class=\"fa-cloud-download-alt fas awb-button__icon awb-button__icon--default button-icon-left\" aria-hidden=\"true\"><\/i><span class=\"fusion-button-text awb-button__text awb-button__text--default\">Download<\/span><\/a><\/div><\/div><\/div><\/div><\/div>\n<div class=\"fusion-fullwidth fullwidth-box fusion-builder-row-4 fusion-flex-container has-pattern-background has-mask-background nonhundred-percent-fullwidth non-hundred-percent-height-scrolling\" style=\"--awb-border-radius-top-left:0px;--awb-border-radius-top-right:0px;--awb-border-radius-bottom-right:0px;--awb-border-radius-bottom-left:0px;--awb-padding-top:50px;--awb-padding-bottom:50px;--awb-background-color:#f8f8f8;--awb-flex-wrap:wrap;\" ><div class=\"fusion-builder-row fusion-row fusion-flex-align-items-stretch fusion-flex-justify-content-center fusion-flex-content-wrap\" style=\"max-width:calc( 1200px + 10px );margin-left: calc(-10px \/ 2 );margin-right: calc(-10px \/ 2 );\"><div class=\"fusion-layout-column fusion_builder_column fusion-builder-column-4 fusion_builder_column_1_1 1_1 fusion-flex-column\" style=\"--awb-bg-size:cover;--awb-width-large:100%;--awb-margin-top-large:0px;--awb-spacing-right-large:5px;--awb-margin-bottom-large:30px;--awb-spacing-left-large:5px;--awb-width-medium:100%;--awb-order-medium:0;--awb-spacing-right-medium:5px;--awb-spacing-left-medium:5px;--awb-width-small:100%;--awb-order-small:0;--awb-spacing-right-small:5px;--awb-spacing-left-small:5px;\"><div class=\"fusion-column-wrapper fusion-column-has-shadow fusion-flex-justify-content-flex-start fusion-content-layout-column\"><\/div><\/div><div class=\"fusion-layout-column fusion_builder_column fusion-builder-column-5 fusion_builder_column_1_2 1_2 fusion-flex-column\" style=\"--awb-padding-top:20px;--awb-padding-right:20px;--awb-padding-bottom:10px;--awb-padding-left:20px;--awb-overflow:hidden;--awb-bg-color:#ffffff;--awb-bg-color-hover:#ffffff;--awb-bg-size:cover;--awb-border-radius:10px 10px 10px 10px;--awb-filter:saturate(100%);--awb-filter-transition:filter 0.3s ease;--awb-filter-hover:saturate(30%);--awb-width-large:50%;--awb-margin-top-large:0px;--awb-spacing-right-large:5px;--awb-margin-bottom-large:20px;--awb-spacing-left-large:5px;--awb-width-medium:50%;--awb-order-medium:0;--awb-spacing-right-medium:5px;--awb-spacing-left-medium:5px;--awb-width-small:100%;--awb-order-small:0;--awb-spacing-right-small:5px;--awb-spacing-left-small:5px;\" data-scroll-devices=\"small-visibility,medium-visibility,large-visibility\"><div class=\"fusion-column-wrapper fusion-column-has-shadow fusion-flex-justify-content-flex-start fusion-content-layout-column\"><div class=\"fusion-title title fusion-title-3 fusion-sep-none fusion-title-center fusion-title-text fusion-title-size-four\" style=\"--awb-text-color:var(--awb-color5);--awb-margin-top-small:10px;--awb-margin-right-small:0px;--awb-margin-bottom-small:10px;--awb-margin-left-small:0px;\"><h4 class=\"fusion-title-heading title-heading-center\" style=\"margin:0;text-transform:none;\"><strong>GESCH\u00c4FTS- UND VERWALTUNGSSITZ<\/strong><\/h4><\/div><div class=\"fusion-text fusion-text-2\" style=\"--awb-content-alignment:center;--awb-font-size:14px;\"><p>Via Roma 8\/7<br \/>\n16121 Genua<\/p>\n<p>Tel. 010 \u2013 5534949<\/p>\n<p><a href=\"mailto:commerciale@siatspa.it\">commerciale@siatspa.it<\/a><\/p>\n<\/div><\/div><\/div><div class=\"fusion-layout-column fusion_builder_column fusion-builder-column-6 fusion_builder_column_1_2 1_2 fusion-flex-column\" style=\"--awb-padding-top:20px;--awb-padding-right:20px;--awb-padding-bottom:10px;--awb-padding-left:20px;--awb-overflow:hidden;--awb-bg-color:#ffffff;--awb-bg-color-hover:#ffffff;--awb-bg-size:cover;--awb-border-radius:10px 10px 10px 10px;--awb-filter:saturate(100%);--awb-filter-transition:filter 0.3s ease;--awb-filter-hover:saturate(30%);--awb-width-large:50%;--awb-margin-top-large:0px;--awb-spacing-right-large:5px;--awb-margin-bottom-large:20px;--awb-spacing-left-large:5px;--awb-width-medium:50%;--awb-order-medium:0;--awb-spacing-right-medium:5px;--awb-spacing-left-medium:5px;--awb-width-small:100%;--awb-order-small:0;--awb-spacing-right-small:5px;--awb-spacing-left-small:5px;\" data-scroll-devices=\"small-visibility,medium-visibility,large-visibility\"><div class=\"fusion-column-wrapper fusion-column-has-shadow fusion-flex-justify-content-flex-start fusion-content-layout-column\"><div class=\"fusion-title title fusion-title-4 fusion-sep-none fusion-title-center fusion-title-text fusion-title-size-four\" style=\"--awb-text-color:var(--awb-color5);--awb-margin-top-small:10px;--awb-margin-right-small:0px;--awb-margin-bottom-small:10px;--awb-margin-left-small:0px;\"><h4 class=\"fusion-title-heading title-heading-center\" style=\"margin:0;text-transform:none;\"><strong>PRODUKTIONSST\u00c4TTE UND LAGER<\/strong><\/h4><\/div><div class=\"fusion-text fusion-text-3\" style=\"--awb-content-alignment:center;--awb-font-size:14px;\"><p>Via dei Cavallari 37<br \/>\n15077 Predosa (AL)<\/p>\n<p><a href=\"mailto:spedizioni@siatspa.it\">spedizioni@siatspa.it<\/a><\/p>\n<\/div><\/div><\/div><div class=\"fusion-layout-column fusion_builder_column fusion-builder-column-7 fusion_builder_column_1_1 1_1 fusion-flex-column\" style=\"--awb-padding-top:40px;--awb-padding-right:30px;--awb-padding-bottom:20px;--awb-padding-left:30px;--awb-overflow:hidden;--awb-bg-color:#ffffff;--awb-bg-color-hover:#ffffff;--awb-bg-size:cover;--awb-border-radius:10px 10px 10px 10px;--awb-filter:saturate(100%);--awb-filter-transition:filter 0.3s ease;--awb-filter-hover:saturate(30%);--awb-width-large:100%;--awb-margin-top-large:0px;--awb-spacing-right-large:5px;--awb-margin-bottom-large:20px;--awb-spacing-left-large:5px;--awb-width-medium:100%;--awb-order-medium:0;--awb-spacing-right-medium:5px;--awb-spacing-left-medium:5px;--awb-width-small:100%;--awb-order-small:0;--awb-spacing-right-small:5px;--awb-spacing-left-small:5px;\"><div class=\"fusion-column-wrapper fusion-column-has-shadow fusion-flex-justify-content-flex-start fusion-content-layout-column\">\n<div class=\"wpcf7 no-js\" id=\"wpcf7-f696-o1\" lang=\"de-DE\" dir=\"ltr\" data-wpcf7-id=\"696\">\n<div class=\"screen-reader-response\"><p role=\"status\" aria-live=\"polite\" aria-atomic=\"true\"><\/p> <ul><\/ul><\/div>\n<form action=\"\/de\/wp-json\/wp\/v2\/pages\/663#wpcf7-f696-o1\" method=\"post\" class=\"wpcf7-form init\" aria-label=\"Kontaktformular\" novalidate=\"novalidate\" data-status=\"init\">\n<fieldset class=\"hidden-fields-container\"><input type=\"hidden\" name=\"_wpcf7\" value=\"696\" \/><input type=\"hidden\" name=\"_wpcf7_version\" value=\"6.1.5\" \/><input type=\"hidden\" name=\"_wpcf7_locale\" value=\"de_DE\" \/><input type=\"hidden\" name=\"_wpcf7_unit_tag\" value=\"wpcf7-f696-o1\" \/><input type=\"hidden\" name=\"_wpcf7_container_post\" value=\"0\" \/><input type=\"hidden\" name=\"_wpcf7_posted_data_hash\" value=\"\" \/>\n<\/fieldset>\n<div style=\"margin-bottom: 5px;\" class=\"fusion-one-half fusion-layout-column fusion-spacing-yes\">\n\t<p><span class=\"wpcf7-form-control-wrap\" data-name=\"azienda\"><input size=\"40\" maxlength=\"400\" class=\"wpcf7-form-control wpcf7-text wpcf7-validates-as-required\" aria-required=\"true\" aria-invalid=\"false\" placeholder=\"UNTERNEHMEN*\" value=\"\" type=\"text\" name=\"azienda\" \/><\/span>\n\t<\/p>\n<\/div>\n<div style=\"margin-bottom: 5px;\" class=\"fusion-one-half fusion-layout-column fusion-column-last fusion-spacing-yes\">\n\t<p><span class=\"wpcf7-form-control-wrap\" data-name=\"referente\"><input size=\"40\" maxlength=\"400\" class=\"wpcf7-form-control wpcf7-text\" aria-invalid=\"false\" placeholder=\"ANSRECHPARTNER\" value=\"\" type=\"text\" name=\"referente\" \/><\/span>\n\t<\/p>\n<\/div>\n<div style=\"margin-bottom: 5px;\" class=\"fusion-one-half fusion-layout-column fusion-spacing-yes\">\n\t<p><span class=\"wpcf7-form-control-wrap\" data-name=\"email\"><input size=\"40\" maxlength=\"400\" class=\"wpcf7-form-control wpcf7-email wpcf7-validates-as-required wpcf7-text wpcf7-validates-as-email\" aria-required=\"true\" aria-invalid=\"false\" placeholder=\"E-MAIL-ADRESSE*\" value=\"\" type=\"email\" name=\"email\" \/><\/span>\n\t<\/p>\n<\/div>\n<div style=\"margin-bottom: 5px;\" class=\"fusion-one-half fusion-layout-column fusion-column-last fusion-spacing-yes\">\n\t<p><span class=\"wpcf7-form-control-wrap\" data-name=\"numero-tel\"><input size=\"40\" maxlength=\"400\" class=\"wpcf7-form-control wpcf7-text\" aria-invalid=\"false\" placeholder=\"TELEFONNUMMER\" value=\"\" type=\"text\" name=\"numero-tel\" \/><\/span>\n\t<\/p>\n<\/div>\n<p style=\"margin-bottom: 25px;\"><span class=\"wpcf7-form-control-wrap\" data-name=\"messaggio\"><textarea cols=\"40\" rows=\"10\" maxlength=\"2000\" class=\"wpcf7-form-control wpcf7-textarea wpcf7-validates-as-required\" aria-required=\"true\" aria-invalid=\"false\" placeholder=\"ANFRAGE*\" name=\"messaggio\"><\/textarea><\/span>\n<\/p>\n<div style=\"margin-bottom: 25px;\" class=\"fusion-two-third fusion-layout-column fusion-spacing-yes\">\n\t<p style=\"margin-bottom: 25px; color:#999;\"><span class=\"wpcf7-form-control-wrap\" data-name=\"acceptance-938\"><span class=\"wpcf7-form-control wpcf7-acceptance\"><span class=\"wpcf7-list-item\"><label><input type=\"checkbox\" name=\"acceptance-938\" value=\"1\" aria-invalid=\"false\" \/><span class=\"wpcf7-list-item-label\"><a href=\"https:\/\/siatspa.it\/privacy-policy\/\" target=\"_blank\" style=\"color:#999;\">Zustimmung zur Verarbeitung meiner Daten gem\u00e4\u00df dem Datenschutzgesetz *<\/a><\/span><\/label><\/span><\/span><\/span>\n\t<\/p>\n<\/div>\n<div style=\"margin-top: 0px;\" class=\"fusion-one-third fusion-layout-column fusion-column-last fusion-spacing-yes\">\n\t<p style=\"text-align:right;\"><input class=\"wpcf7-form-control wpcf7-submit has-spinner\" type=\"submit\" value=\"ANFRAGE SENDEN\" \/>\n\t<\/p>\n<\/div>\n<div style=\"clear:both;\">\n<\/div><div class=\"fusion-alert alert custom alert-custom fusion-alert-center wpcf7-response-output awb-alert-native-link-color alert-dismissable awb-alert-close-boxed\" style=\"--awb-border-size:1px;--awb-border-top-left-radius:0px;--awb-border-top-right-radius:0px;--awb-border-bottom-left-radius:0px;--awb-border-bottom-right-radius:0px;\" role=\"alert\"><div class=\"fusion-alert-content-wrapper\"><span class=\"fusion-alert-content\"><\/span><\/div><button type=\"button\" class=\"close toggle-alert\" data-dismiss=\"alert\" aria-label=\"Close\">&times;<\/button><\/div>\n<\/form>\n<\/div>\n<\/div><\/div><\/div><\/div>\n<\/p>\n","protected":false},"excerpt":{"rendered":"","protected":false},"author":1,"featured_media":0,"parent":655,"menu_order":0,"comment_status":"closed","ping_status":"closed","template":"100-width.php","meta":{"_acf_changed":false,"footnotes":""},"class_list":["post-663","page","type-page","status-publish","hentry"],"acf":[],"yoast_head":"<!-- This site is optimized with the Yoast SEO plugin v27.4 - https:\/\/yoast.com\/product\/yoast-seo-wordpress\/ -->\n<title>Zuschnitte nach ma\u00df - SIAT S.p.A.<\/title>\n<meta name=\"robots\" content=\"index, follow, max-snippet:-1, max-image-preview:large, max-video-preview:-1\" \/>\n<link rel=\"canonical\" href=\"https:\/\/siatspa.it\/de\/leistungen\/zuschnitte-nach-mass\/\" \/>\n<meta property=\"og:locale\" content=\"de_DE\" \/>\n<meta property=\"og:type\" content=\"article\" \/>\n<meta property=\"og:title\" content=\"Zuschnitte nach ma\u00df - SIAT S.p.A.\" \/>\n<meta property=\"og:url\" content=\"https:\/\/siatspa.it\/de\/leistungen\/zuschnitte-nach-mass\/\" \/>\n<meta property=\"og:site_name\" content=\"SIAT S.p.A.\" \/>\n<meta property=\"article:modified_time\" content=\"2023-07-11T14:20:42+00:00\" \/>\n<meta name=\"twitter:card\" content=\"summary_large_image\" \/>\n<meta name=\"twitter:label1\" content=\"Gesch\u00e4tzte Lesezeit\" \/>\n\t<meta name=\"twitter:data1\" content=\"10\u00a0Minuten\" \/>\n<script type=\"application\/ld+json\" class=\"yoast-schema-graph\">{\"@context\":\"https:\\\/\\\/schema.org\",\"@graph\":[{\"@type\":\"WebPage\",\"@id\":\"https:\\\/\\\/siatspa.it\\\/de\\\/leistungen\\\/zuschnitte-nach-mass\\\/\",\"url\":\"https:\\\/\\\/siatspa.it\\\/de\\\/leistungen\\\/zuschnitte-nach-mass\\\/\",\"name\":\"Zuschnitte nach ma\u00df - SIAT S.p.A.\",\"isPartOf\":{\"@id\":\"https:\\\/\\\/siatspa.it\\\/de\\\/#website\"},\"datePublished\":\"2023-04-17T17:19:06+00:00\",\"dateModified\":\"2023-07-11T14:20:42+00:00\",\"breadcrumb\":{\"@id\":\"https:\\\/\\\/siatspa.it\\\/de\\\/leistungen\\\/zuschnitte-nach-mass\\\/#breadcrumb\"},\"inLanguage\":\"de\",\"potentialAction\":[{\"@type\":\"ReadAction\",\"target\":[\"https:\\\/\\\/siatspa.it\\\/de\\\/leistungen\\\/zuschnitte-nach-mass\\\/\"]}]},{\"@type\":\"BreadcrumbList\",\"@id\":\"https:\\\/\\\/siatspa.it\\\/de\\\/leistungen\\\/zuschnitte-nach-mass\\\/#breadcrumb\",\"itemListElement\":[{\"@type\":\"ListItem\",\"position\":1,\"name\":\"Home\",\"item\":\"https:\\\/\\\/siatspa.it\\\/de\\\/\"},{\"@type\":\"ListItem\",\"position\":2,\"name\":\"Leistungen\",\"item\":\"https:\\\/\\\/siatspa.it\\\/de\\\/leistungen\\\/\"},{\"@type\":\"ListItem\",\"position\":3,\"name\":\"Zuschnitte nach ma\u00df\"}]},{\"@type\":\"WebSite\",\"@id\":\"https:\\\/\\\/siatspa.it\\\/de\\\/#website\",\"url\":\"https:\\\/\\\/siatspa.it\\\/de\\\/\",\"name\":\"SIAT S.p.A.\",\"description\":\"\",\"potentialAction\":[{\"@type\":\"SearchAction\",\"target\":{\"@type\":\"EntryPoint\",\"urlTemplate\":\"https:\\\/\\\/siatspa.it\\\/de\\\/?s={search_term_string}\"},\"query-input\":{\"@type\":\"PropertyValueSpecification\",\"valueRequired\":true,\"valueName\":\"search_term_string\"}}],\"inLanguage\":\"de\"}]}<\/script>\n<!-- \/ Yoast SEO plugin. -->","yoast_head_json":{"title":"Zuschnitte nach ma\u00df - SIAT S.p.A.","robots":{"index":"index","follow":"follow","max-snippet":"max-snippet:-1","max-image-preview":"max-image-preview:large","max-video-preview":"max-video-preview:-1"},"canonical":"https:\/\/siatspa.it\/de\/leistungen\/zuschnitte-nach-mass\/","og_locale":"de_DE","og_type":"article","og_title":"Zuschnitte nach ma\u00df - SIAT S.p.A.","og_url":"https:\/\/siatspa.it\/de\/leistungen\/zuschnitte-nach-mass\/","og_site_name":"SIAT S.p.A.","article_modified_time":"2023-07-11T14:20:42+00:00","twitter_card":"summary_large_image","twitter_misc":{"Gesch\u00e4tzte Lesezeit":"10\u00a0Minuten"},"schema":{"@context":"https:\/\/schema.org","@graph":[{"@type":"WebPage","@id":"https:\/\/siatspa.it\/de\/leistungen\/zuschnitte-nach-mass\/","url":"https:\/\/siatspa.it\/de\/leistungen\/zuschnitte-nach-mass\/","name":"Zuschnitte nach ma\u00df - SIAT S.p.A.","isPartOf":{"@id":"https:\/\/siatspa.it\/de\/#website"},"datePublished":"2023-04-17T17:19:06+00:00","dateModified":"2023-07-11T14:20:42+00:00","breadcrumb":{"@id":"https:\/\/siatspa.it\/de\/leistungen\/zuschnitte-nach-mass\/#breadcrumb"},"inLanguage":"de","potentialAction":[{"@type":"ReadAction","target":["https:\/\/siatspa.it\/de\/leistungen\/zuschnitte-nach-mass\/"]}]},{"@type":"BreadcrumbList","@id":"https:\/\/siatspa.it\/de\/leistungen\/zuschnitte-nach-mass\/#breadcrumb","itemListElement":[{"@type":"ListItem","position":1,"name":"Home","item":"https:\/\/siatspa.it\/de\/"},{"@type":"ListItem","position":2,"name":"Leistungen","item":"https:\/\/siatspa.it\/de\/leistungen\/"},{"@type":"ListItem","position":3,"name":"Zuschnitte nach ma\u00df"}]},{"@type":"WebSite","@id":"https:\/\/siatspa.it\/de\/#website","url":"https:\/\/siatspa.it\/de\/","name":"SIAT S.p.A.","description":"","potentialAction":[{"@type":"SearchAction","target":{"@type":"EntryPoint","urlTemplate":"https:\/\/siatspa.it\/de\/?s={search_term_string}"},"query-input":{"@type":"PropertyValueSpecification","valueRequired":true,"valueName":"search_term_string"}}],"inLanguage":"de"}]}},"_links":{"self":[{"href":"https:\/\/siatspa.it\/de\/wp-json\/wp\/v2\/pages\/663","targetHints":{"allow":["GET"]}}],"collection":[{"href":"https:\/\/siatspa.it\/de\/wp-json\/wp\/v2\/pages"}],"about":[{"href":"https:\/\/siatspa.it\/de\/wp-json\/wp\/v2\/types\/page"}],"author":[{"embeddable":true,"href":"https:\/\/siatspa.it\/de\/wp-json\/wp\/v2\/users\/1"}],"replies":[{"embeddable":true,"href":"https:\/\/siatspa.it\/de\/wp-json\/wp\/v2\/comments?post=663"}],"version-history":[{"count":3,"href":"https:\/\/siatspa.it\/de\/wp-json\/wp\/v2\/pages\/663\/revisions"}],"predecessor-version":[{"id":764,"href":"https:\/\/siatspa.it\/de\/wp-json\/wp\/v2\/pages\/663\/revisions\/764"}],"up":[{"embeddable":true,"href":"https:\/\/siatspa.it\/de\/wp-json\/wp\/v2\/pages\/655"}],"wp:attachment":[{"href":"https:\/\/siatspa.it\/de\/wp-json\/wp\/v2\/media?parent=663"}],"curies":[{"name":"wp","href":"https:\/\/api.w.org\/{rel}","templated":true}]}}