{"id":692,"date":"2023-04-17T20:06:03","date_gmt":"2023-04-17T20:06:03","guid":{"rendered":"https:\/\/siatspa.it\/cookies-policy\/"},"modified":"2023-07-10T14:30:04","modified_gmt":"2023-07-10T14:30:04","slug":"cookie-richtlinie","status":"publish","type":"page","link":"https:\/\/siatspa.it\/de\/cookie-richtlinie\/","title":{"rendered":"Cookie-Richtlinie"},"content":{"rendered":"<div class=\"fusion-fullwidth fullwidth-box fusion-builder-row-1 fusion-flex-container nonhundred-percent-fullwidth non-hundred-percent-height-scrolling\" style=\"--awb-border-radius-top-left:0px;--awb-border-radius-top-right:0px;--awb-border-radius-bottom-right:0px;--awb-border-radius-bottom-left:0px;--awb-flex-wrap:wrap;\" ><div class=\"fusion-builder-row fusion-row fusion-flex-align-items-flex-start fusion-flex-content-wrap\" style=\"max-width:calc( 1200px + 10px );margin-left: calc(-10px \/ 2 );margin-right: calc(-10px \/ 2 );\"><div class=\"fusion-layout-column fusion_builder_column fusion-builder-column-0 fusion_builder_column_1_1 1_1 fusion-flex-column\" style=\"--awb-bg-size:cover;--awb-width-large:100%;--awb-margin-top-large:0px;--awb-spacing-right-large:5px;--awb-margin-bottom-large:0px;--awb-spacing-left-large:5px;--awb-width-medium:100%;--awb-spacing-right-medium:5px;--awb-spacing-left-medium:5px;--awb-width-small:100%;--awb-spacing-right-small:5px;--awb-spacing-left-small:5px;\"><div class=\"fusion-column-wrapper fusion-flex-justify-content-flex-start fusion-content-layout-column\"><div class=\"fusion-text fusion-text-1\"><div class=\"fusion-text\">\n<h1 data-fontsize=\"50\" data-lineheight=\"55\">Cookies Policy<\/h1>\n<\/div>\n<div class=\"fusion-text\">\n<p>I cookies sono piccole porzioni di dati che vengono memorizzate e utilizzate per migliorare l\u2019esperienza di utilizzo di un sito.<br \/>\nAd esempio possono ricordare temporaneamente le tue preferenze di navigazione per evitarti di selezionare tutte le volte la lingua, rendendo quindi le visite successive pi\u00f9 comode e intuitive.<br \/>\nOppure possono servire per fare dei \u201csondaggi anonimi\u201d su come gli utenti navigano attraverso il sito, in modo da poterlo poi migliorare partendo da dati reali.<\/p>\n<p>I cookies non registrano alcuna informazione personale su un utente e gli eventuali dati identificabili non verranno memorizzati.<\/p>\n<p>Se si desidera disabilitare l\u2019uso dei cookies \u00e8 necessario personalizzare le impostazioni del proprio computer impostando la cancellazione di tutti i cookies o attivando un messaggio di avviso quando i cookies vengono memorizzati.<br \/>\nPer procedere senza modificare l\u2019applicazione dei cookies \u00e8 sufficiente continuare con la navigazione.<\/p>\n<p><strong>I cookies non sono virus o programmi<\/strong><\/p>\n<p>I cookies non sono virus o programmi. I cookies sono solamente dati salvati in forma testuale nella forma \u201cvariabile=valore\u201d (esempio: \u201cdataAccessoSito=2015-06-03,15:05:15\u2033).<\/p>\n<p>Questi dati possono essere letti solamente dal sito che li ha generati, e in molti casi hanno una data di scadenza, oltre la quale il browser li canceller\u00e0 automaticamente.<\/p>\n<p>Non tutti i cookies vengono utilizzati per lo stesso scopo: di seguito verranno specificate le diverse tipologie di cookies utilizzati da questo sito web.<\/p>\n<p><strong>Cookies indispensabili<\/strong><\/p>\n<p>Questi cookies sono essenziali al fine di consentire di spostarsi in tutto il sito ed utilizzare a pieno le sue caratteristiche.<\/p>\n<p>Senza questi cookies alcuni servizi non potranno funzionare correttamente.<\/p>\n<p><strong>Performance cookies<\/strong><\/p>\n<p>Questi cookies raccolgono informazioni su come gli utenti utilizzano un sito web, ma non memorizzano informazioni che identificano un visitatore.<\/p>\n<p>Questi cookies vengono utilizzati solo per migliorare il funzionamento del sito web.<\/p>\n<p>Utilizzando il sito l\u2019utente accetta che tali cookies possono essere memorizzati sul proprio dispositivo.<\/p>\n<p><strong>Cookie di funzionalit\u00e0<\/strong><\/p>\n<p>I cookie consentono al sito di ricordare le scelte fatte dall\u2019utente (come la lingua o altre impostazioni speciali eventualmente disponibili) e forniscono funzionalit\u00e0 avanzate personalizzate, e possono anche essere utilizzati per fornire i servizi richiesti.<\/p>\n<p>Utilizzando il sito l\u2019utente accetta che tali cookies possono essere memorizzati sul proprio dispositivo.<\/p>\n<p><strong>Come gestire i cookies sul tuo PC<\/strong><\/p>\n<p>Ogni browser consente di personalizzare il modo in cui i cookie devono essere trattati. Per ulteriori informazioni consultare la documentazione del browser utilizzato.<\/p>\n<p>Alcuni browser consentono la \u201cnavigazione anonima\u201d sui siti web, accettando i cookies per poi cancellarli automaticamente al termine della sessione di navigazione.<\/p>\n<p>Per ulteriori informazioni riguardo la \u201cnavigazione anonima\u201d consultare la documentazione del browser utilizzato.<\/p>\n<p><strong>Google Analytics<\/strong><\/p>\n<p>Questo sito web utilizza Google Analytics, un servizio di analisi web fornito da Google. Google Analytics utilizza i cookies per consentire al sito web di analizzare come gli utenti utilizzano il sito.<br \/>\nLe informazioni generate dal cookie sull\u2019utilizzo del sito web (compreso il Vostro indirizzo IP anonimo) verranno trasmesse e depositate presso i server di Google negli Stati Uniti.<br \/>\nGoogle utilizzer\u00e0 queste informazioni allo scopo di esaminare il Vostro utilizzo del sito web, compilare report sulle attivit\u00e0 del sito per gli operatori dello stesso e fornire altri servizi relativi alle attivit\u00e0 del sito web e all\u2019utilizzo di internet.<br \/>\nGoogle pu\u00f2 anche trasferire queste informazioni a terzi ove ci\u00f2 sia imposto dalla legge o laddove tali terzi trattino le suddette informazioni per conto di Google.<br \/>\nUtilizzando il presente sito web, voi acconsentite al trattamento dei Vostri dati da parte di Google per le modalit\u00e0 ed i fini sopraindicati.<\/p>\n<p>Si pu\u00f2 impedire a Google il rilevamento di un cookie che viene generato a causa di e legato al Vostro utilizzo di questo sito web (compreso il Vostro indirizzo IP) e l\u2019elaborazione di tali dati scaricando e installando questo plugin per il browser: http:\/\/tools.google.com\/dlpage\/gaoptout?hl=en<\/p>\n<p><strong>Google Adsense<\/strong><\/p>\n<p>Questo sito Web utilizza Google AdSense, un servizio per includere la pubblicit\u00e0 di Google Inc. (\u201cGoogle\u201d). Google AdSense utilizza i cosiddetti \u201ccookie\u201d, file di testo che vengono salvati sul tuo computer e che consentono un\u2019analisi dell\u2019utilizzo del sito Web.<br \/>\nGoogle AdSense utilizza inoltre i cosiddetti Web beacon (grafici invisibili).<br \/>\nQuesti Web beacon permettono di valutare le informazioni come il traffico dei visitatori su queste pagine.<\/p>\n<p>Le informazioni generate tramite cookie e Web beacon circa l\u2019utilizzo di questo sito (compreso il tuo indirizzo IP) e la consegna dei formati pubblicitari vengono trasmesse a un server di Google negli Stati Uniti e memorizzate l\u00ec.<br \/>\nQueste informazioni possono essere trasmesse, da Google, ai suoi partner.<br \/>\nGoogle, tuttavia, non assocer\u00e0 il tuo indirizzo IP con altre tue informazioni memorizzate.<\/p>\n<p>Puoi interrompere l\u2019installazione dei cookie modificando l\u2019impostazione corrispondente nel tuo browser; tuttavia, ti facciamo presente che in questo modo potresti non essere in grado di utilizzare tutte le funzionalit\u00e0 di questo sito.<\/p>\n<p>Utilizzando il presente sito web, dichiari di essere d\u2019accordo con l\u2019elaborazione dei tuoi dati da parte di Google ottenuti nel modo e per lo scopo indicati.<\/p>\n<\/div>\n<\/div><\/div><\/div><\/div><\/div>\n","protected":false},"excerpt":{"rendered":"","protected":false},"author":1,"featured_media":0,"parent":0,"menu_order":0,"comment_status":"closed","ping_status":"closed","template":"100-width.php","meta":{"_acf_changed":false,"footnotes":""},"class_list":["post-692","page","type-page","status-publish","hentry"],"acf":[],"yoast_head":"<!-- This site is optimized with the Yoast SEO plugin v27.3 - https:\/\/yoast.com\/product\/yoast-seo-wordpress\/ -->\n<title>Cookie-Richtlinie - SIAT S.p.A.<\/title>\n<meta name=\"robots\" content=\"index, follow, max-snippet:-1, max-image-preview:large, max-video-preview:-1\" \/>\n<link rel=\"canonical\" href=\"https:\/\/siatspa.it\/de\/cookie-richtlinie\/\" \/>\n<meta property=\"og:locale\" content=\"de_DE\" \/>\n<meta property=\"og:type\" content=\"article\" \/>\n<meta property=\"og:title\" content=\"Cookie-Richtlinie - SIAT S.p.A.\" \/>\n<meta property=\"og:url\" content=\"https:\/\/siatspa.it\/de\/cookie-richtlinie\/\" \/>\n<meta property=\"og:site_name\" content=\"SIAT S.p.A.\" \/>\n<meta property=\"article:modified_time\" content=\"2023-07-10T14:30:04+00:00\" \/>\n<meta name=\"twitter:card\" content=\"summary_large_image\" \/>\n<meta name=\"twitter:label1\" content=\"Gesch\u00e4tzte Lesezeit\" \/>\n\t<meta name=\"twitter:data1\" content=\"4\u00a0Minuten\" \/>\n<script type=\"application\/ld+json\" class=\"yoast-schema-graph\">{\"@context\":\"https:\\\/\\\/schema.org\",\"@graph\":[{\"@type\":\"WebPage\",\"@id\":\"https:\\\/\\\/siatspa.it\\\/de\\\/cookie-richtlinie\\\/\",\"url\":\"https:\\\/\\\/siatspa.it\\\/de\\\/cookie-richtlinie\\\/\",\"name\":\"Cookie-Richtlinie - SIAT S.p.A.\",\"isPartOf\":{\"@id\":\"https:\\\/\\\/siatspa.it\\\/de\\\/#website\"},\"datePublished\":\"2023-04-17T20:06:03+00:00\",\"dateModified\":\"2023-07-10T14:30:04+00:00\",\"breadcrumb\":{\"@id\":\"https:\\\/\\\/siatspa.it\\\/de\\\/cookie-richtlinie\\\/#breadcrumb\"},\"inLanguage\":\"de\",\"potentialAction\":[{\"@type\":\"ReadAction\",\"target\":[\"https:\\\/\\\/siatspa.it\\\/de\\\/cookie-richtlinie\\\/\"]}]},{\"@type\":\"BreadcrumbList\",\"@id\":\"https:\\\/\\\/siatspa.it\\\/de\\\/cookie-richtlinie\\\/#breadcrumb\",\"itemListElement\":[{\"@type\":\"ListItem\",\"position\":1,\"name\":\"Home\",\"item\":\"https:\\\/\\\/siatspa.it\\\/de\\\/\"},{\"@type\":\"ListItem\",\"position\":2,\"name\":\"Cookie-Richtlinie\"}]},{\"@type\":\"WebSite\",\"@id\":\"https:\\\/\\\/siatspa.it\\\/de\\\/#website\",\"url\":\"https:\\\/\\\/siatspa.it\\\/de\\\/\",\"name\":\"SIAT S.p.A.\",\"description\":\"\",\"potentialAction\":[{\"@type\":\"SearchAction\",\"target\":{\"@type\":\"EntryPoint\",\"urlTemplate\":\"https:\\\/\\\/siatspa.it\\\/de\\\/?s={search_term_string}\"},\"query-input\":{\"@type\":\"PropertyValueSpecification\",\"valueRequired\":true,\"valueName\":\"search_term_string\"}}],\"inLanguage\":\"de\"}]}<\/script>\n<!-- \/ Yoast SEO plugin. -->","yoast_head_json":{"title":"Cookie-Richtlinie - SIAT S.p.A.","robots":{"index":"index","follow":"follow","max-snippet":"max-snippet:-1","max-image-preview":"max-image-preview:large","max-video-preview":"max-video-preview:-1"},"canonical":"https:\/\/siatspa.it\/de\/cookie-richtlinie\/","og_locale":"de_DE","og_type":"article","og_title":"Cookie-Richtlinie - SIAT S.p.A.","og_url":"https:\/\/siatspa.it\/de\/cookie-richtlinie\/","og_site_name":"SIAT S.p.A.","article_modified_time":"2023-07-10T14:30:04+00:00","twitter_card":"summary_large_image","twitter_misc":{"Gesch\u00e4tzte Lesezeit":"4\u00a0Minuten"},"schema":{"@context":"https:\/\/schema.org","@graph":[{"@type":"WebPage","@id":"https:\/\/siatspa.it\/de\/cookie-richtlinie\/","url":"https:\/\/siatspa.it\/de\/cookie-richtlinie\/","name":"Cookie-Richtlinie - SIAT S.p.A.","isPartOf":{"@id":"https:\/\/siatspa.it\/de\/#website"},"datePublished":"2023-04-17T20:06:03+00:00","dateModified":"2023-07-10T14:30:04+00:00","breadcrumb":{"@id":"https:\/\/siatspa.it\/de\/cookie-richtlinie\/#breadcrumb"},"inLanguage":"de","potentialAction":[{"@type":"ReadAction","target":["https:\/\/siatspa.it\/de\/cookie-richtlinie\/"]}]},{"@type":"BreadcrumbList","@id":"https:\/\/siatspa.it\/de\/cookie-richtlinie\/#breadcrumb","itemListElement":[{"@type":"ListItem","position":1,"name":"Home","item":"https:\/\/siatspa.it\/de\/"},{"@type":"ListItem","position":2,"name":"Cookie-Richtlinie"}]},{"@type":"WebSite","@id":"https:\/\/siatspa.it\/de\/#website","url":"https:\/\/siatspa.it\/de\/","name":"SIAT S.p.A.","description":"","potentialAction":[{"@type":"SearchAction","target":{"@type":"EntryPoint","urlTemplate":"https:\/\/siatspa.it\/de\/?s={search_term_string}"},"query-input":{"@type":"PropertyValueSpecification","valueRequired":true,"valueName":"search_term_string"}}],"inLanguage":"de"}]}},"_links":{"self":[{"href":"https:\/\/siatspa.it\/de\/wp-json\/wp\/v2\/pages\/692","targetHints":{"allow":["GET"]}}],"collection":[{"href":"https:\/\/siatspa.it\/de\/wp-json\/wp\/v2\/pages"}],"about":[{"href":"https:\/\/siatspa.it\/de\/wp-json\/wp\/v2\/types\/page"}],"author":[{"embeddable":true,"href":"https:\/\/siatspa.it\/de\/wp-json\/wp\/v2\/users\/1"}],"replies":[{"embeddable":true,"href":"https:\/\/siatspa.it\/de\/wp-json\/wp\/v2\/comments?post=692"}],"version-history":[{"count":1,"href":"https:\/\/siatspa.it\/de\/wp-json\/wp\/v2\/pages\/692\/revisions"}],"predecessor-version":[{"id":694,"href":"https:\/\/siatspa.it\/de\/wp-json\/wp\/v2\/pages\/692\/revisions\/694"}],"wp:attachment":[{"href":"https:\/\/siatspa.it\/de\/wp-json\/wp\/v2\/media?parent=692"}],"curies":[{"name":"wp","href":"https:\/\/api.w.org\/{rel}","templated":true}]}}