{"id":667,"date":"2023-04-17T17:18:31","date_gmt":"2023-04-17T17:18:31","guid":{"rendered":"https:\/\/siatspa.it\/services\/granigliatura-lamiere\/"},"modified":"2023-07-11T13:31:14","modified_gmt":"2023-07-11T13:31:14","slug":"grenaillage-des-toles","status":"publish","type":"page","link":"https:\/\/siatspa.it\/fr\/services\/grenaillage-des-toles\/","title":{"rendered":"Grenaillage des t\u00f4les"},"content":{"rendered":"<p><div class=\"fusion-fullwidth fullwidth-box fusion-builder-row-1 fusion-flex-container has-pattern-background has-mask-background nonhundred-percent-fullwidth non-hundred-percent-height-scrolling\" style=\"--awb-border-radius-top-left:0px;--awb-border-radius-top-right:0px;--awb-border-radius-bottom-right:0px;--awb-border-radius-bottom-left:0px;--awb-padding-bottom:20px;--awb-flex-wrap:wrap;\" ><div class=\"fusion-builder-row fusion-row fusion-flex-align-items-flex-start fusion-flex-content-wrap\" style=\"max-width:calc( 1200px + 10px );margin-left: calc(-10px \/ 2 );margin-right: calc(-10px \/ 2 );\"><div class=\"fusion-layout-column fusion_builder_column fusion-builder-column-0 fusion_builder_column_1_1 1_1 fusion-flex-column\" style=\"--awb-bg-size:cover;--awb-width-large:100%;--awb-margin-top-large:0px;--awb-spacing-right-large:5px;--awb-margin-bottom-large:20px;--awb-spacing-left-large:5px;--awb-width-medium:100%;--awb-order-medium:0;--awb-spacing-right-medium:5px;--awb-spacing-left-medium:5px;--awb-width-small:100%;--awb-order-small:0;--awb-spacing-right-small:5px;--awb-spacing-left-small:5px;\"><div class=\"fusion-column-wrapper fusion-column-has-shadow fusion-flex-justify-content-flex-start fusion-content-layout-column\"><div class=\"fusion-separator\" style=\"align-self: center;margin-left: auto;margin-right: auto;width:100%;max-width:100px;\"><div class=\"fusion-separator-border sep-single sep-solid\" style=\"--awb-height:20px;--awb-amount:20px;--awb-sep-color:var(--awb-color5);border-color:var(--awb-color5);border-top-width:2px;\"><\/div><\/div><div class=\"fusion-title title fusion-title-1 fusion-sep-none fusion-title-center fusion-title-text fusion-title-size-two\" style=\"--awb-margin-top-small:10px;--awb-margin-right-small:0px;--awb-margin-bottom-small:10px;--awb-margin-left-small:0px;\"><h2 class=\"fusion-title-heading title-heading-center\" style=\"margin:0;text-transform:uppercase;\">Grenaillage des t\u00f4les<\/h2><\/div><div class=\"fusion-text fusion-text-1\"><p>L\u2019\u00e9quipement de grenaillage automatique est con\u00e7u pour traiter des t\u00f4les de diff\u00e9rentes dimensions et poids, en garantissant la pr\u00e9cision et l\u2019efficacit\u00e9. Les param\u00e8tres de travail de notre service sont les suivants:<\/p>\n<ul>\n<li>Largeur maximum du passage des pi\u00e8ces: 3\u00a0000\u00a0mm<\/li>\n<li>Hauteur maximum du passage des pi\u00e8ces: 500\u00a0mm<\/li>\n<li>Longueur maximum des t\u00f4les: 13\u00a0000\u00a0mm<\/li>\n<li>Poids maximum unitaire: 25 tonnes<\/li>\n<\/ul>\n<p>Notre syst\u00e8me de grenaillage automatique traite les deux surfaces des t\u00f4les, en assurant un finissage uniforme et de haute qualit\u00e9. Ce processus \u00e9limine efficacement les impuret\u00e9s, l\u2019oxydation et la calamine, en am\u00e9liorant l\u2019adh\u00e9sion des peintures et en augmentant la r\u00e9sistance \u00e0 la corrosion.<\/p>\n<p>En choisissant notre service de grenaillage automatique, vous aurez la garantie de travailler avec un partenaire expert et professionnel, attentif \u00e0 la qualit\u00e9 et \u00e0 la satisfaction du client. N\u2019h\u00e9sitez pas \u00e0 nous contacter pour toute demande de devis ou pour tout renseignement compl\u00e9mentaire concernant notre service de grenaillage automatique des t\u00f4les. Nous sommes \u00e0 votre disposition pour trouver la meilleure solution \u00e0 vos exigences.<\/p>\n<\/div><\/div><\/div><\/div><\/div><div class=\"fusion-fullwidth fullwidth-box fusion-builder-row-2 fusion-flex-container has-pattern-background has-mask-background nonhundred-percent-fullwidth non-hundred-percent-height-scrolling\" style=\"--awb-border-radius-top-left:0px;--awb-border-radius-top-right:0px;--awb-border-radius-bottom-right:0px;--awb-border-radius-bottom-left:0px;--awb-padding-top:30px;--awb-background-color:var(--awb-color5);--awb-flex-wrap:wrap;\" ><div class=\"fusion-builder-row fusion-row fusion-flex-align-items-flex-start fusion-flex-content-wrap\" style=\"max-width:calc( 1200px + 10px );margin-left: calc(-10px \/ 2 );margin-right: calc(-10px \/ 2 );\"><div class=\"fusion-layout-column fusion_builder_column fusion-builder-column-1 fusion_builder_column_3_4 3_4 fusion-flex-column\" style=\"--awb-bg-size:cover;--awb-width-large:75%;--awb-margin-top-large:0px;--awb-spacing-right-large:5px;--awb-margin-bottom-large:20px;--awb-spacing-left-large:5px;--awb-width-medium:75%;--awb-order-medium:0;--awb-spacing-right-medium:5px;--awb-spacing-left-medium:5px;--awb-width-small:100%;--awb-order-small:0;--awb-spacing-right-small:5px;--awb-spacing-left-small:5px;\"><div class=\"fusion-column-wrapper fusion-column-has-shadow fusion-flex-justify-content-flex-start fusion-content-layout-column\"><div class=\"fusion-title title fusion-title-2 fusion-sep-none fusion-title-text fusion-title-size-three\" style=\"--awb-text-color:var(--awb-color1);--awb-margin-top-small:10px;--awb-margin-right-small:0px;--awb-margin-bottom-small:10px;--awb-margin-left-small:0px;\"><h3 class=\"fusion-title-heading title-heading-left\" style=\"margin:0;text-transform:none;\">T\u00e9l\u00e9chargez la brochure informative de S.I.A.T. SpA<\/h3><\/div><\/div><\/div><div class=\"fusion-layout-column fusion_builder_column fusion-builder-column-2 fusion_builder_column_1_4 1_4 fusion-flex-column\" style=\"--awb-bg-size:cover;--awb-width-large:25%;--awb-margin-top-large:0px;--awb-spacing-right-large:5px;--awb-margin-bottom-large:20px;--awb-spacing-left-large:5px;--awb-width-medium:25%;--awb-order-medium:0;--awb-spacing-right-medium:5px;--awb-spacing-left-medium:5px;--awb-width-small:100%;--awb-order-small:0;--awb-spacing-right-small:5px;--awb-spacing-left-small:5px;\"><div class=\"fusion-column-wrapper fusion-column-has-shadow fusion-flex-justify-content-flex-start fusion-content-layout-column\"><div style=\"text-align:right;\"><a class=\"fusion-button button-flat fusion-button-default-size button-custom fusion-button-default button-1 fusion-button-span-yes fusion-button-default-type\" style=\"--button_accent_color:var(--awb-color5);--button_border_color:var(--awb-color1);--button_accent_hover_color:var(--awb-color1);--button_border_hover_color:var(--awb-color1);--button_border_width-top:2px;--button_border_width-right:2px;--button_border_width-bottom:2px;--button_border_width-left:2px;--button_gradient_top_color:#ffffff;--button_gradient_bottom_color:#ffffff;--button_gradient_top_color_hover:rgba(255,255,255,0);--button_gradient_bottom_color_hover:rgba(255,255,255,0);\" target=\"_blank\" rel=\"noopener noreferrer\" href=\"https:\/\/siatspa.it\/wp-content\/uploads\/2023\/05\/brochure-siat.pdf\"><i class=\"fa-cloud-download-alt fas awb-button__icon awb-button__icon--default button-icon-left\" aria-hidden=\"true\"><\/i><span class=\"fusion-button-text awb-button__text awb-button__text--default\">Download<\/span><\/a><\/div><\/div><\/div><\/div><\/div>\n<div class=\"fusion-fullwidth fullwidth-box fusion-builder-row-3 fusion-flex-container has-pattern-background has-mask-background nonhundred-percent-fullwidth non-hundred-percent-height-scrolling\" style=\"--awb-border-radius-top-left:0px;--awb-border-radius-top-right:0px;--awb-border-radius-bottom-right:0px;--awb-border-radius-bottom-left:0px;--awb-padding-top:50px;--awb-padding-bottom:50px;--awb-background-color:#f8f8f8;--awb-flex-wrap:wrap;\" ><div class=\"fusion-builder-row fusion-row fusion-flex-align-items-stretch fusion-flex-justify-content-center fusion-flex-content-wrap\" style=\"max-width:calc( 1200px + 10px );margin-left: calc(-10px \/ 2 );margin-right: calc(-10px \/ 2 );\"><div class=\"fusion-layout-column fusion_builder_column fusion-builder-column-3 fusion_builder_column_1_1 1_1 fusion-flex-column\" style=\"--awb-bg-size:cover;--awb-width-large:100%;--awb-margin-top-large:0px;--awb-spacing-right-large:5px;--awb-margin-bottom-large:30px;--awb-spacing-left-large:5px;--awb-width-medium:100%;--awb-order-medium:0;--awb-spacing-right-medium:5px;--awb-spacing-left-medium:5px;--awb-width-small:100%;--awb-order-small:0;--awb-spacing-right-small:5px;--awb-spacing-left-small:5px;\"><div class=\"fusion-column-wrapper fusion-column-has-shadow fusion-flex-justify-content-flex-start fusion-content-layout-column\"><\/div><\/div><div class=\"fusion-layout-column fusion_builder_column fusion-builder-column-4 fusion_builder_column_1_2 1_2 fusion-flex-column\" style=\"--awb-padding-top:20px;--awb-padding-right:20px;--awb-padding-bottom:10px;--awb-padding-left:20px;--awb-overflow:hidden;--awb-bg-color:#ffffff;--awb-bg-color-hover:#ffffff;--awb-bg-size:cover;--awb-border-radius:10px 10px 10px 10px;--awb-filter:saturate(100%);--awb-filter-transition:filter 0.3s ease;--awb-filter-hover:saturate(30%);--awb-width-large:50%;--awb-margin-top-large:0px;--awb-spacing-right-large:5px;--awb-margin-bottom-large:20px;--awb-spacing-left-large:5px;--awb-width-medium:50%;--awb-order-medium:0;--awb-spacing-right-medium:5px;--awb-spacing-left-medium:5px;--awb-width-small:100%;--awb-order-small:0;--awb-spacing-right-small:5px;--awb-spacing-left-small:5px;\" data-scroll-devices=\"small-visibility,medium-visibility,large-visibility\"><div class=\"fusion-column-wrapper fusion-column-has-shadow fusion-flex-justify-content-flex-start fusion-content-layout-column\"><div class=\"fusion-title title fusion-title-3 fusion-sep-none fusion-title-center fusion-title-text fusion-title-size-four\" style=\"--awb-text-color:var(--awb-color5);--awb-margin-top-small:10px;--awb-margin-right-small:0px;--awb-margin-bottom-small:10px;--awb-margin-left-small:0px;\"><h4 class=\"fusion-title-heading title-heading-center\" style=\"margin:0;text-transform:none;\"><strong>BUREAUX COMMERCIAUX ET ADMINISTRATIFS<\/strong><\/h4><\/div><div class=\"fusion-text fusion-text-2\" style=\"--awb-content-alignment:center;--awb-font-size:14px;\"><p>Via Roma 8\/7<br \/>\n16121 G\u00eanes<\/p>\n<p>Tel. 010 \u2013 5534949<\/p>\n<p><a href=\"mailto:commerciale@siatspa.it\">commerciale@siatspa.it<\/a><\/p>\n<\/div><\/div><\/div><div class=\"fusion-layout-column fusion_builder_column fusion-builder-column-5 fusion_builder_column_1_2 1_2 fusion-flex-column\" style=\"--awb-padding-top:20px;--awb-padding-right:20px;--awb-padding-bottom:10px;--awb-padding-left:20px;--awb-overflow:hidden;--awb-bg-color:#ffffff;--awb-bg-color-hover:#ffffff;--awb-bg-size:cover;--awb-border-radius:10px 10px 10px 10px;--awb-filter:saturate(100%);--awb-filter-transition:filter 0.3s ease;--awb-filter-hover:saturate(30%);--awb-width-large:50%;--awb-margin-top-large:0px;--awb-spacing-right-large:5px;--awb-margin-bottom-large:20px;--awb-spacing-left-large:5px;--awb-width-medium:50%;--awb-order-medium:0;--awb-spacing-right-medium:5px;--awb-spacing-left-medium:5px;--awb-width-small:100%;--awb-order-small:0;--awb-spacing-right-small:5px;--awb-spacing-left-small:5px;\" data-scroll-devices=\"small-visibility,medium-visibility,large-visibility\"><div class=\"fusion-column-wrapper fusion-column-has-shadow fusion-flex-justify-content-flex-start fusion-content-layout-column\"><div class=\"fusion-title title fusion-title-4 fusion-sep-none fusion-title-center fusion-title-text fusion-title-size-four\" style=\"--awb-text-color:var(--awb-color5);--awb-margin-top-small:10px;--awb-margin-right-small:0px;--awb-margin-bottom-small:10px;--awb-margin-left-small:0px;\"><h4 class=\"fusion-title-heading title-heading-center\" style=\"margin:0;text-transform:none;\"><strong>\u00c9TABLISSEMENT ET D\u00c9P\u00d4TS<\/strong><\/h4><\/div><div class=\"fusion-text fusion-text-3\" style=\"--awb-content-alignment:center;--awb-font-size:14px;\"><p>Via dei Cavallari 37<br \/>\n15077 Predosa (AL)<\/p>\n<p><a href=\"mailto:spedizioni@siatspa.it\">spedizioni@siatspa.it<\/a><\/p>\n<\/div><\/div><\/div><div class=\"fusion-layout-column fusion_builder_column fusion-builder-column-6 fusion_builder_column_1_1 1_1 fusion-flex-column\" style=\"--awb-padding-top:40px;--awb-padding-right:30px;--awb-padding-bottom:20px;--awb-padding-left:30px;--awb-overflow:hidden;--awb-bg-color:#ffffff;--awb-bg-color-hover:#ffffff;--awb-bg-size:cover;--awb-border-radius:10px 10px 10px 10px;--awb-filter:saturate(100%);--awb-filter-transition:filter 0.3s ease;--awb-filter-hover:saturate(30%);--awb-width-large:100%;--awb-margin-top-large:0px;--awb-spacing-right-large:5px;--awb-margin-bottom-large:20px;--awb-spacing-left-large:5px;--awb-width-medium:100%;--awb-order-medium:0;--awb-spacing-right-medium:5px;--awb-spacing-left-medium:5px;--awb-width-small:100%;--awb-order-small:0;--awb-spacing-right-small:5px;--awb-spacing-left-small:5px;\"><div class=\"fusion-column-wrapper fusion-column-has-shadow fusion-flex-justify-content-flex-start fusion-content-layout-column\">\n<div class=\"wpcf7 no-js\" id=\"wpcf7-f695-o1\" lang=\"fr-FR\" dir=\"ltr\" data-wpcf7-id=\"695\">\n<div class=\"screen-reader-response\"><p role=\"status\" aria-live=\"polite\" aria-atomic=\"true\"><\/p> <ul><\/ul><\/div>\n<form action=\"\/fr\/wp-json\/wp\/v2\/pages\/667#wpcf7-f695-o1\" method=\"post\" class=\"wpcf7-form init\" aria-label=\"Formulaire de contact\" novalidate=\"novalidate\" data-status=\"init\">\n<fieldset class=\"hidden-fields-container\"><input type=\"hidden\" name=\"_wpcf7\" value=\"695\" \/><input type=\"hidden\" name=\"_wpcf7_version\" value=\"6.1.5\" \/><input type=\"hidden\" name=\"_wpcf7_locale\" value=\"fr_FR\" \/><input type=\"hidden\" name=\"_wpcf7_unit_tag\" value=\"wpcf7-f695-o1\" \/><input type=\"hidden\" name=\"_wpcf7_container_post\" value=\"0\" \/><input type=\"hidden\" name=\"_wpcf7_posted_data_hash\" value=\"\" \/>\n<\/fieldset>\n<div style=\"margin-bottom: 5px;\" class=\"fusion-one-half fusion-layout-column fusion-spacing-yes\">\n\t<p><span class=\"wpcf7-form-control-wrap\" data-name=\"azienda\"><input size=\"40\" maxlength=\"400\" class=\"wpcf7-form-control wpcf7-text wpcf7-validates-as-required\" aria-required=\"true\" aria-invalid=\"false\" placeholder=\"ENTREPRISE*\" value=\"\" type=\"text\" name=\"azienda\" \/><\/span>\n\t<\/p>\n<\/div>\n<div style=\"margin-bottom: 5px;\" class=\"fusion-one-half fusion-layout-column fusion-column-last fusion-spacing-yes\">\n\t<p><span class=\"wpcf7-form-control-wrap\" data-name=\"referente\"><input size=\"40\" maxlength=\"400\" class=\"wpcf7-form-control wpcf7-text\" aria-invalid=\"false\" placeholder=\"CONTACT\" value=\"\" type=\"text\" name=\"referente\" \/><\/span>\n\t<\/p>\n<\/div>\n<div style=\"margin-bottom: 5px;\" class=\"fusion-one-half fusion-layout-column fusion-spacing-yes\">\n\t<p><span class=\"wpcf7-form-control-wrap\" data-name=\"email\"><input size=\"40\" maxlength=\"400\" class=\"wpcf7-form-control wpcf7-email wpcf7-validates-as-required wpcf7-text wpcf7-validates-as-email\" aria-required=\"true\" aria-invalid=\"false\" placeholder=\"ADRESSE MAIL*\" value=\"\" type=\"email\" name=\"email\" \/><\/span>\n\t<\/p>\n<\/div>\n<div style=\"margin-bottom: 5px;\" class=\"fusion-one-half fusion-layout-column fusion-column-last fusion-spacing-yes\">\n\t<p><span class=\"wpcf7-form-control-wrap\" data-name=\"numero-tel\"><input size=\"40\" maxlength=\"400\" class=\"wpcf7-form-control wpcf7-text\" aria-invalid=\"false\" placeholder=\"NUM\u00c9RO DE T\u00c9L\u00c9PHONE\" value=\"\" type=\"text\" name=\"numero-tel\" \/><\/span>\n\t<\/p>\n<\/div>\n<p style=\"margin-bottom: 25px;\"><span class=\"wpcf7-form-control-wrap\" data-name=\"messaggio\"><textarea cols=\"40\" rows=\"10\" maxlength=\"2000\" class=\"wpcf7-form-control wpcf7-textarea wpcf7-validates-as-required\" aria-required=\"true\" aria-invalid=\"false\" placeholder=\"DEMANDE*\" name=\"messaggio\"><\/textarea><\/span>\n<\/p>\n<div style=\"margin-bottom: 25px;\" class=\"fusion-two-third fusion-layout-column fusion-spacing-yes\">\n\t<p style=\"margin-bottom: 25px; color:#999;\"><span class=\"wpcf7-form-control-wrap\" data-name=\"acceptance-938\"><span class=\"wpcf7-form-control wpcf7-acceptance\"><span class=\"wpcf7-list-item\"><label><input type=\"checkbox\" name=\"acceptance-938\" value=\"1\" aria-invalid=\"false\" \/><span class=\"wpcf7-list-item-label\"><a href=\"https:\/\/siatspa.it\/fr\/politique-de-confidentialite\/\" target=\"_blank\" style=\"color:#999;\">Acceptation du traitement de mes donn\u00e9es conform\u00e9ment \u00e0 la loi sur la confidentialit\u00e9*<\/a><\/span><\/label><\/span><\/span><\/span>\n\t<\/p>\n<\/div>\n<div style=\"margin-top: 0px;\" class=\"fusion-one-third fusion-layout-column fusion-column-last fusion-spacing-yes\">\n\t<p style=\"text-align:right;\"><input class=\"wpcf7-form-control wpcf7-submit has-spinner\" type=\"submit\" value=\"ENVOYER LA DEMANDE\" \/>\n\t<\/p>\n<\/div>\n<div style=\"clear:both;\">\n<\/div><div class=\"fusion-alert alert custom alert-custom fusion-alert-center wpcf7-response-output awb-alert-native-link-color alert-dismissable awb-alert-close-boxed\" style=\"--awb-border-size:1px;--awb-border-top-left-radius:0px;--awb-border-top-right-radius:0px;--awb-border-bottom-left-radius:0px;--awb-border-bottom-right-radius:0px;\" role=\"alert\"><div class=\"fusion-alert-content-wrapper\"><span class=\"fusion-alert-content\"><\/span><\/div><button type=\"button\" class=\"close toggle-alert\" data-dismiss=\"alert\" aria-label=\"Close\">&times;<\/button><\/div>\n<\/form>\n<\/div>\n<\/div><\/div><\/div><\/div>\n<\/p>\n","protected":false},"excerpt":{"rendered":"","protected":false},"author":1,"featured_media":0,"parent":654,"menu_order":0,"comment_status":"closed","ping_status":"closed","template":"100-width.php","meta":{"_acf_changed":false,"footnotes":""},"class_list":["post-667","page","type-page","status-publish","hentry"],"acf":[],"yoast_head":"<!-- This site is optimized with the Yoast SEO plugin v27.4 - https:\/\/yoast.com\/product\/yoast-seo-wordpress\/ -->\n<title>Grenaillage des t\u00f4les - SIAT S.p.A.<\/title>\n<meta name=\"robots\" content=\"index, follow, max-snippet:-1, max-image-preview:large, max-video-preview:-1\" \/>\n<link rel=\"canonical\" href=\"https:\/\/siatspa.it\/fr\/services\/grenaillage-des-toles\/\" \/>\n<meta property=\"og:locale\" content=\"fr_FR\" \/>\n<meta property=\"og:type\" content=\"article\" \/>\n<meta property=\"og:title\" content=\"Grenaillage des t\u00f4les - SIAT S.p.A.\" \/>\n<meta property=\"og:url\" content=\"https:\/\/siatspa.it\/fr\/services\/grenaillage-des-toles\/\" \/>\n<meta property=\"og:site_name\" content=\"SIAT S.p.A.\" \/>\n<meta property=\"article:modified_time\" content=\"2023-07-11T13:31:14+00:00\" \/>\n<meta name=\"twitter:card\" content=\"summary_large_image\" \/>\n<meta name=\"twitter:label1\" content=\"Dur\u00e9e de lecture estim\u00e9e\" \/>\n\t<meta name=\"twitter:data1\" content=\"10 minutes\" \/>\n<script type=\"application\/ld+json\" class=\"yoast-schema-graph\">{\"@context\":\"https:\\\/\\\/schema.org\",\"@graph\":[{\"@type\":\"WebPage\",\"@id\":\"https:\\\/\\\/siatspa.it\\\/fr\\\/services\\\/grenaillage-des-toles\\\/\",\"url\":\"https:\\\/\\\/siatspa.it\\\/fr\\\/services\\\/grenaillage-des-toles\\\/\",\"name\":\"Grenaillage des t\u00f4les - SIAT S.p.A.\",\"isPartOf\":{\"@id\":\"https:\\\/\\\/siatspa.it\\\/fr\\\/#website\"},\"datePublished\":\"2023-04-17T17:18:31+00:00\",\"dateModified\":\"2023-07-11T13:31:14+00:00\",\"breadcrumb\":{\"@id\":\"https:\\\/\\\/siatspa.it\\\/fr\\\/services\\\/grenaillage-des-toles\\\/#breadcrumb\"},\"inLanguage\":\"fr-FR\",\"potentialAction\":[{\"@type\":\"ReadAction\",\"target\":[\"https:\\\/\\\/siatspa.it\\\/fr\\\/services\\\/grenaillage-des-toles\\\/\"]}]},{\"@type\":\"BreadcrumbList\",\"@id\":\"https:\\\/\\\/siatspa.it\\\/fr\\\/services\\\/grenaillage-des-toles\\\/#breadcrumb\",\"itemListElement\":[{\"@type\":\"ListItem\",\"position\":1,\"name\":\"Home\",\"item\":\"https:\\\/\\\/siatspa.it\\\/fr\\\/\"},{\"@type\":\"ListItem\",\"position\":2,\"name\":\"Services\",\"item\":\"https:\\\/\\\/siatspa.it\\\/fr\\\/services\\\/\"},{\"@type\":\"ListItem\",\"position\":3,\"name\":\"Grenaillage des t\u00f4les\"}]},{\"@type\":\"WebSite\",\"@id\":\"https:\\\/\\\/siatspa.it\\\/fr\\\/#website\",\"url\":\"https:\\\/\\\/siatspa.it\\\/fr\\\/\",\"name\":\"SIAT S.p.A.\",\"description\":\"\",\"potentialAction\":[{\"@type\":\"SearchAction\",\"target\":{\"@type\":\"EntryPoint\",\"urlTemplate\":\"https:\\\/\\\/siatspa.it\\\/fr\\\/?s={search_term_string}\"},\"query-input\":{\"@type\":\"PropertyValueSpecification\",\"valueRequired\":true,\"valueName\":\"search_term_string\"}}],\"inLanguage\":\"fr-FR\"}]}<\/script>\n<!-- \/ Yoast SEO plugin. -->","yoast_head_json":{"title":"Grenaillage des t\u00f4les - SIAT S.p.A.","robots":{"index":"index","follow":"follow","max-snippet":"max-snippet:-1","max-image-preview":"max-image-preview:large","max-video-preview":"max-video-preview:-1"},"canonical":"https:\/\/siatspa.it\/fr\/services\/grenaillage-des-toles\/","og_locale":"fr_FR","og_type":"article","og_title":"Grenaillage des t\u00f4les - SIAT S.p.A.","og_url":"https:\/\/siatspa.it\/fr\/services\/grenaillage-des-toles\/","og_site_name":"SIAT S.p.A.","article_modified_time":"2023-07-11T13:31:14+00:00","twitter_card":"summary_large_image","twitter_misc":{"Dur\u00e9e de lecture estim\u00e9e":"10 minutes"},"schema":{"@context":"https:\/\/schema.org","@graph":[{"@type":"WebPage","@id":"https:\/\/siatspa.it\/fr\/services\/grenaillage-des-toles\/","url":"https:\/\/siatspa.it\/fr\/services\/grenaillage-des-toles\/","name":"Grenaillage des t\u00f4les - SIAT S.p.A.","isPartOf":{"@id":"https:\/\/siatspa.it\/fr\/#website"},"datePublished":"2023-04-17T17:18:31+00:00","dateModified":"2023-07-11T13:31:14+00:00","breadcrumb":{"@id":"https:\/\/siatspa.it\/fr\/services\/grenaillage-des-toles\/#breadcrumb"},"inLanguage":"fr-FR","potentialAction":[{"@type":"ReadAction","target":["https:\/\/siatspa.it\/fr\/services\/grenaillage-des-toles\/"]}]},{"@type":"BreadcrumbList","@id":"https:\/\/siatspa.it\/fr\/services\/grenaillage-des-toles\/#breadcrumb","itemListElement":[{"@type":"ListItem","position":1,"name":"Home","item":"https:\/\/siatspa.it\/fr\/"},{"@type":"ListItem","position":2,"name":"Services","item":"https:\/\/siatspa.it\/fr\/services\/"},{"@type":"ListItem","position":3,"name":"Grenaillage des t\u00f4les"}]},{"@type":"WebSite","@id":"https:\/\/siatspa.it\/fr\/#website","url":"https:\/\/siatspa.it\/fr\/","name":"SIAT S.p.A.","description":"","potentialAction":[{"@type":"SearchAction","target":{"@type":"EntryPoint","urlTemplate":"https:\/\/siatspa.it\/fr\/?s={search_term_string}"},"query-input":{"@type":"PropertyValueSpecification","valueRequired":true,"valueName":"search_term_string"}}],"inLanguage":"fr-FR"}]}},"_links":{"self":[{"href":"https:\/\/siatspa.it\/fr\/wp-json\/wp\/v2\/pages\/667","targetHints":{"allow":["GET"]}}],"collection":[{"href":"https:\/\/siatspa.it\/fr\/wp-json\/wp\/v2\/pages"}],"about":[{"href":"https:\/\/siatspa.it\/fr\/wp-json\/wp\/v2\/types\/page"}],"author":[{"embeddable":true,"href":"https:\/\/siatspa.it\/fr\/wp-json\/wp\/v2\/users\/1"}],"replies":[{"embeddable":true,"href":"https:\/\/siatspa.it\/fr\/wp-json\/wp\/v2\/comments?post=667"}],"version-history":[{"count":2,"href":"https:\/\/siatspa.it\/fr\/wp-json\/wp\/v2\/pages\/667\/revisions"}],"predecessor-version":[{"id":743,"href":"https:\/\/siatspa.it\/fr\/wp-json\/wp\/v2\/pages\/667\/revisions\/743"}],"up":[{"embeddable":true,"href":"https:\/\/siatspa.it\/fr\/wp-json\/wp\/v2\/pages\/654"}],"wp:attachment":[{"href":"https:\/\/siatspa.it\/fr\/wp-json\/wp\/v2\/media?parent=667"}],"curies":[{"name":"wp","href":"https:\/\/api.w.org\/{rel}","templated":true}]}}